{"id":20032,"date":"2023-01-05T10:20:17","date_gmt":"2023-01-05T07:20:17","guid":{"rendered":"https:\/\/aristoenerji.com\/en\/?page_id=20032"},"modified":"2024-02-27T18:24:28","modified_gmt":"2024-02-27T15:24:28","slug":"reports","status":"publish","type":"page","link":"https:\/\/aristoenerji.com\/en\/reports\/","title":{"rendered":"Reports"},"content":{"rendered":"<div class=\"fusion-fullwidth fullwidth-box fusion-builder-row-1 fusion-flex-container has-pattern-background has-mask-background fusion-parallax-none nonhundred-percent-fullwidth non-hundred-percent-height-scrolling lazyload\" style=\"background-color: rgba(255,255,255,0);background-position: center center;background-repeat: no-repeat;border-width: 0px 0px 0px 0px;border-color:var(--awb-color3);border-style:solid;-webkit-background-size:cover;-moz-background-size:cover;-o-background-size:cover;background-size:cover;\" data-bg=\"https:\/\/aristoenerji.com\/en\/wp-content\/uploads\/2023\/01\/raporlar.jpg\" ><div class=\"fusion-builder-row fusion-row fusion-flex-align-items-flex-start\" style=\"max-width:1216.8px;margin-left: calc(-4% \/ 2 );margin-right: calc(-4% \/ 2 );\"><div class=\"fusion-layout-column fusion_builder_column fusion-builder-column-0 fusion_builder_column_1_1 1_1 fusion-flex-column\"><div class=\"fusion-column-wrapper fusion-flex-justify-content-flex-start fusion-content-layout-column\" style=\"background-position:left top;background-repeat:no-repeat;-webkit-background-size:cover;-moz-background-size:cover;-o-background-size:cover;background-size:cover;padding: 0px 0px 0px 0px;\"><style type=\"text\/css\">@media only screen and (max-width:1024px) {.fusion-title.fusion-title-1{margin-top:0px!important; margin-right:0px!important;margin-bottom:0px!important;margin-left:0px!important;}}@media only screen and (max-width:850px) {.fusion-title.fusion-title-1{margin-top:0px!important; margin-right:0px!important;margin-bottom:20px!important; margin-left:0px!important;}}<\/style><div class=\"fusion-title title fusion-title-1 fusion-title-text fusion-title-size-one\" style=\"margin-top:0px;margin-right:0px;margin-bottom:0px;margin-left:0px;\"><div class=\"title-sep-container title-sep-container-left fusion-no-large-visibility fusion-no-medium-visibility fusion-no-small-visibility\"><div class=\"title-sep sep-\" style=\"border-color:var(--awb-color3);\"><\/div><\/div><span class=\"awb-title-spacer fusion-no-large-visibility fusion-no-medium-visibility fusion-no-small-visibility\"><\/span><h1 class=\"title-heading-left\" style=\"font-family:&quot;Ubuntu&quot;;font-weight:400;margin:0;text-transform:uppercase;color:#ffffff;\">Ocak 2023<\/h1><span class=\"awb-title-spacer\"><\/span><div class=\"title-sep-container title-sep-container-right\"><div class=\"title-sep sep-\" style=\"border-color:var(--awb-color3);\"><\/div><\/div><\/div><div class=\"fusion-text fusion-text-1\" style=\"color:#ffffff;\"><p>Ocak 2023 tarihli raporumuzu incelemek i\u00e7in t\u0131klay\u0131n.<\/p>\n<\/div><div ><style>.fusion-body .fusion-button.button-1{border-color:var(--awb-color1);border-radius:10px 10px 10px 10px;background:#606060;background-image:linear-gradient(180deg,#606060 0%,#000000 100%);}.fusion-body .fusion-button.button-1 .fusion-button-text,.fusion-body .fusion-button.button-1 i,.fusion-body .fusion-button.button-1:hover .fusion-button-text,.fusion-body .fusion-button.button-1:hover i,.fusion-body .fusion-button.button-1:focus .fusion-button-text,.fusion-body .fusion-button.button-1:focus i,.fusion-body .fusion-button.button-1:active .fusion-button-text,.fusion-body .fusion-button.button-1:active i{color:var(--awb-color1);}.fusion-body .fusion-button.button-1:hover,.fusion-body .fusion-button.button-1:active,.fusion-body .fusion-button.button-1:focus{border-color:var(--awb-color1);background:#009100;background-image:linear-gradient(180deg,#009100 0%,var(--awb-color5) 100%);}<\/style><a class=\"fusion-button button-flat fusion-button-default-size button-custom button-1 fusion-button-default-span fusion-button-default-type\" target=\"_self\" href=\"https:\/\/aristoenerji.com\/en\/raporlar\"><i class=\"fa-search-plus fas button-icon-left\" aria-hidden=\"true\"><\/i><span class=\"fusion-button-text\">Raporu G\u00f6r\u00fcnt\u00fcle<\/span><\/a><\/div><\/div><style type=\"text\/css\">.fusion-body .fusion-builder-column-0{width:100% !important;margin-top : 0px;margin-bottom : 20px;}.fusion-builder-column-0 > .fusion-column-wrapper {padding-top : 0px !important;padding-right : 0px !important;margin-right : 1.92%;padding-bottom : 0px !important;padding-left : 0px !important;margin-left : 1.92%;}@media only screen and (max-width:1024px) {.fusion-body .fusion-builder-column-0{width:100% !important;order : 0;}.fusion-builder-column-0 > .fusion-column-wrapper {margin-right : 1.92%;margin-left : 1.92%;}}@media only screen and (max-width:850px) {.fusion-body .fusion-builder-column-0{width:100% !important;order : 0;}.fusion-builder-column-0 > .fusion-column-wrapper {margin-right : 1.92%;margin-left : 1.92%;}}<\/style><\/div><\/div><style type=\"text\/css\">.fusion-body .fusion-flex-container.fusion-builder-row-1{ padding-top : 100px;margin-top : 0px;padding-right : 0px;padding-bottom : 100px;margin-bottom : 0px;padding-left : 0px;}<\/style><\/div>\n","protected":false},"excerpt":{"rendered":"","protected":false},"author":1,"featured_media":0,"parent":0,"menu_order":0,"comment_status":"closed","ping_status":"closed","template":"100-width.php","meta":{"footnotes":""},"class_list":["post-20032","page","type-page","status-publish","hentry"],"_links":{"self":[{"href":"https:\/\/aristoenerji.com\/en\/wp-json\/wp\/v2\/pages\/20032","targetHints":{"allow":["GET"]}}],"collection":[{"href":"https:\/\/aristoenerji.com\/en\/wp-json\/wp\/v2\/pages"}],"about":[{"href":"https:\/\/aristoenerji.com\/en\/wp-json\/wp\/v2\/types\/page"}],"author":[{"embeddable":true,"href":"https:\/\/aristoenerji.com\/en\/wp-json\/wp\/v2\/users\/1"}],"replies":[{"embeddable":true,"href":"https:\/\/aristoenerji.com\/en\/wp-json\/wp\/v2\/comments?post=20032"}],"version-history":[{"count":6,"href":"https:\/\/aristoenerji.com\/en\/wp-json\/wp\/v2\/pages\/20032\/revisions"}],"predecessor-version":[{"id":20219,"href":"https:\/\/aristoenerji.com\/en\/wp-json\/wp\/v2\/pages\/20032\/revisions\/20219"}],"wp:attachment":[{"href":"https:\/\/aristoenerji.com\/en\/wp-json\/wp\/v2\/media?parent=20032"}],"curies":[{"name":"wp","href":"https:\/\/api.w.org\/{rel}","templated":true}]}}