{"id":20068,"date":"2023-01-26T21:30:19","date_gmt":"2023-01-26T18:30:19","guid":{"rendered":"https:\/\/aristoenerji.com\/en\/?page_id=20068"},"modified":"2023-01-26T21:31:40","modified_gmt":"2023-01-26T18:31:40","slug":"teklif-al","status":"publish","type":"page","link":"https:\/\/aristoenerji.com\/en\/teklif-al\/","title":{"rendered":"Teklif Al"},"content":{"rendered":"<div class=\"fusion-fullwidth fullwidth-box fusion-builder-row-1 fusion-flex-container has-pattern-background has-mask-background nonhundred-percent-fullwidth non-hundred-percent-height-scrolling\" style=\"background-color: rgba(255,255,255,0);background-position: center center;background-repeat: no-repeat;border-width: 0px 0px 0px 0px;border-color:var(--awb-color3);border-style:solid;\" ><div class=\"fusion-builder-row fusion-row fusion-flex-align-items-flex-start\" style=\"max-width:1216.8px;margin-left: calc(-4% \/ 2 );margin-right: calc(-4% \/ 2 );\"><div class=\"fusion-layout-column fusion_builder_column fusion-builder-column-0 fusion_builder_column_1_1 1_1 fusion-flex-column\"><div class=\"fusion-column-wrapper fusion-flex-justify-content-flex-start fusion-content-layout-column\" style=\"background-position:left top;background-repeat:no-repeat;-webkit-background-size:cover;-moz-background-size:cover;-o-background-size:cover;background-size:cover;padding: 0px 0px 0px 0px;\"><style>.fusion-form-form-wrapper .fusion-form-20066 .fusion-form-tooltip .fusion-form-tooltip-content{color:#ffffff !important;background-color:#333333 !important;border-color:#333333 !important;}<\/style><div class=\"fusion-form fusion-form-builder fusion-form-form-wrapper fusion-form-20066\" style=\"margin-top:20px;\" data-form-id=\"20066\" data-config=\"{&quot;form_id&quot;:&quot;20066&quot;,&quot;form_post_id&quot;:&quot;20066&quot;,&quot;post_id&quot;:20068,&quot;form_type&quot;:&quot;ajax&quot;,&quot;confirmation_type&quot;:&quot;message&quot;,&quot;redirect_url&quot;:&quot;&quot;,&quot;field_labels&quot;:{&quot;adiniz_soyadiniz&quot;:&quot;&quot;,&quot;e-postaniz&quot;:&quot;&quot;,&quot;tarife_turu_seciniz&quot;:&quot;Tarife T\\u00fcr\\u00fc Se\\u00e7iniz&quot;,&quot;telefon_numaraniz&quot;:&quot;&quot;,&quot;kurum_isletme_ismi&quot;:&quot;&quot;,&quot;aylik_fatura_tutariniz&quot;:&quot;Ayl\\u0131k ortalama fatura tutar\\u0131n\\u0131z nedir? (\\u20ba)&quot;,&quot;mesajiniz&quot;:&quot;&quot;},&quot;field_logics&quot;:{&quot;adiniz_soyadiniz&quot;:&quot;&quot;,&quot;e-postaniz&quot;:&quot;&quot;,&quot;tarife_turu_seciniz&quot;:&quot;&quot;,&quot;telefon_numaraniz&quot;:&quot;&quot;,&quot;kurum_isletme_ismi&quot;:&quot;&quot;,&quot;aylik_fatura_tutariniz&quot;:&quot;&quot;,&quot;mesajiniz&quot;:&quot;&quot;},&quot;nonce_method&quot;:&quot;ajax&quot;}\"><form action=\"https:\/\/aristoenerji.com\/en\/teklif-al\/\" method=\"post\" class=\"fusion-form fusion-form-20066\"><div class=\"fusion-fullwidth fullwidth-box fusion-builder-row-1-1 fusion-flex-container has-pattern-background has-mask-background nonhundred-percent-fullwidth non-hundred-percent-height-scrolling\" style=\"background-color: rgba(255,255,255,0);background-position: center center;background-repeat: no-repeat;border-width: 0px 0px 0px 0px;border-color:var(--awb-color3);border-style:solid;\" ><div class=\"fusion-builder-row fusion-row fusion-flex-align-items-flex-start\" style=\"width:104% !important;max-width:104% !important;margin-left: calc(-4% \/ 2 );margin-right: calc(-4% \/ 2 );\"><div class=\"fusion-layout-column fusion_builder_column fusion-builder-column-1 fusion_builder_column_1_2 1_2 fusion-flex-column\"><div class=\"fusion-column-wrapper fusion-flex-justify-content-flex-start fusion-content-layout-column\" style=\"background-position:left top;background-repeat:no-repeat;-webkit-background-size:cover;-moz-background-size:cover;-o-background-size:cover;background-size:cover;padding: 0px 0px 0px 0px;\"><div class=\"fusion-form-field fusion-form-text-field fusion-form-label-above\" data-form-id=\"20066\"><div class=\"fusion-form-input-with-icon\"><i class=\"fa-address-book fas\"><\/i><input type=\"text\" name=\"adiniz_soyadiniz\" id=\"adiniz_soyadiniz\" value=\"\"  class=\"fusion-form-input\" placeholder=\"Ad\u0131n\u0131z Soyad\u0131n\u0131z\" data-holds-private-data=\"false\" minlength=\"0\"\/><\/div><\/div><div class=\"fusion-form-field fusion-form-email-field fusion-form-label-above\" data-form-id=\"20066\"><div class=\"fusion-form-input-with-icon\"><i class=\"fa-envelope fas\"><\/i><input type=\"email\" name=\"e-postaniz\" id=\"e-postaniz\" value=\"\"  class=\"fusion-form-input\" required=\"true\" aria-required=\"true\" placeholder=\"E-postan\u0131z*\" data-holds-private-data=\"false\"\/><\/div><\/div><div class=\"fusion-form-field fusion-form-select-field fusion-form-label-above\" data-form-id=\"20066\"><label for=\"tarife_turu_seciniz\">Tarife T\u00fcr\u00fc Se\u00e7iniz<\/label><div class=\"fusion-select-wrapper\"><select tabindex=\"\" id=\"tarife_turu_seciniz\" name=\"tarife_turu_seciniz\" class=\"fusion-form-input\" data-holds-private-data=\"false\"><option value=\"Kamu ve \u00d6zel Hizmetler Sekt\u00f6r\u00fc\" >Kamu ve \u00d6zel Hizmetler Sekt\u00f6r\u00fc<\/option><option value=\"Sanayi\" >Sanayi<\/option><option value=\"Tar\u0131msal Faaliyetler\" >Tar\u0131msal Faaliyetler<\/option><\/select><div class=\"select-arrow\"><svg width=\"12\" height=\"8\" viewBox=\"0 0 12 8\" fill=\"none\" xmlns=\"http:\/\/www.w3.org\/2000\/svg\"> <path d=\"M1.5 1.75L6 6.25L10.5 1.75\" stroke=\"#6D6D6D\" stroke-width=\"2\" stroke-linecap=\"round\" stroke-linejoin=\"round\"\/> <\/svg><\/div><\/div><\/div><\/div><style type=\"text\/css\">.fusion-body .fusion-builder-column-1{width:50% !important;margin-top : 0px;margin-bottom : 20px;}.fusion-builder-column-1 > .fusion-column-wrapper {padding-top : 0px !important;padding-right : 0px !important;margin-right : 3.84%;padding-bottom : 0px !important;padding-left : 0px !important;margin-left : 3.84%;}@media only screen and (max-width:1024px) {.fusion-body .fusion-builder-column-1{width:100% !important;order : 0;}.fusion-builder-column-1 > .fusion-column-wrapper {margin-right : 1.92%;margin-left : 1.92%;}}@media only screen and (max-width:850px) {.fusion-body .fusion-builder-column-1{width:100% !important;order : 0;}.fusion-builder-column-1 > .fusion-column-wrapper {margin-right : 1.92%;margin-left : 1.92%;}}<\/style><\/div><div class=\"fusion-layout-column fusion_builder_column fusion-builder-column-2 fusion_builder_column_1_2 1_2 fusion-flex-column\"><div class=\"fusion-column-wrapper fusion-flex-justify-content-flex-start fusion-content-layout-column\" style=\"background-position:left top;background-repeat:no-repeat;-webkit-background-size:cover;-moz-background-size:cover;-o-background-size:cover;background-size:cover;padding: 0px 0px 0px 0px;\"><div class=\"fusion-form-field fusion-form-phone-number-field fusion-form-label-above\" data-form-id=\"20066\"><div class=\"fusion-form-input-with-icon\"><i class=\"fa-mobile-alt fas\"><\/i><input type=\"tel\" name=\"telefon_numaraniz\" id=\"telefon_numaraniz\" value=\"\"  class=\"fusion-form-input\" required=\"true\" aria-required=\"true\" placeholder=\"Telefon Numaran\u0131z*\" data-holds-private-data=\"false\"\/><\/div><\/div><div class=\"fusion-form-field fusion-form-text-field fusion-form-label-above\" data-form-id=\"20066\"><div class=\"fusion-form-input-with-icon\"><i class=\"fa-building fas\"><\/i><input type=\"text\" name=\"kurum_isletme_ismi\" id=\"kurum_isletme_ismi\" value=\"\"  class=\"fusion-form-input\" placeholder=\"Kurum, \u0130\u015fletme \u0130smi\" data-holds-private-data=\"false\" minlength=\"0\"\/><\/div><\/div><div class=\"fusion-form-field fusion-form-text-field fusion-form-label-above\" data-form-id=\"20066\"><div class=\"fusion-form-label-wrapper\"><label for=\"aylik_fatura_tutariniz\">Ayl\u0131k ortalama fatura tutar\u0131n\u0131z nedir? (\u20ba)<\/label><\/div><div class=\"fusion-form-input-with-icon\"><i class=\"fa-money-bill-alt fas\"><\/i><input type=\"text\" name=\"aylik_fatura_tutariniz\" id=\"aylik_fatura_tutariniz\" value=\"\"  class=\"fusion-form-input\" placeholder=\"Ayl\u0131k Fatura Tutar\u0131n\u0131z\" data-holds-private-data=\"false\" minlength=\"0\"\/><\/div><\/div><\/div><style type=\"text\/css\">.fusion-body .fusion-builder-column-2{width:50% !important;margin-top : 0px;margin-bottom : 20px;}.fusion-builder-column-2 > .fusion-column-wrapper {padding-top : 0px !important;padding-right : 0px !important;margin-right : 3.84%;padding-bottom : 0px !important;padding-left : 0px !important;margin-left : 3.84%;}@media only screen and (max-width:1024px) {.fusion-body .fusion-builder-column-2{width:100% !important;order : 0;}.fusion-builder-column-2 > .fusion-column-wrapper {margin-right : 1.92%;margin-left : 1.92%;}}@media only screen and (max-width:850px) {.fusion-body .fusion-builder-column-2{width:100% !important;order : 0;}.fusion-builder-column-2 > .fusion-column-wrapper {margin-right : 1.92%;margin-left : 1.92%;}}<\/style><\/div><div class=\"fusion-layout-column fusion_builder_column fusion-builder-column-3 fusion_builder_column_1_1 1_1 fusion-flex-column\"><div class=\"fusion-column-wrapper fusion-flex-justify-content-flex-start fusion-content-layout-column\" style=\"background-position:left top;background-repeat:no-repeat;-webkit-background-size:cover;-moz-background-size:cover;-o-background-size:cover;background-size:cover;padding: 0px 0px 0px 0px;\"><div class=\"fusion-form-field fusion-form-textarea-field fusion-form-label-above\" data-form-id=\"20066\"><div class=\"fusion-form-input-with-icon\"><i class=\" fa-comment-alt fas\"><\/i><textarea cols=\"40\"  minlength=\"0\"  rows=\"4\" tabindex=\"\" id=\"mesajiniz\" name=\"mesajiniz\" class=\"fusion-form-input\" placeholder=\"Mesaj\u0131n\u0131z\" data-holds-private-data=\"false\"><\/textarea><\/div><\/div><div class=\"fusion-form-field fusion-form-submit-field fusion-form-label-above\" data-form-id=\"20066\"><div style=\"text-align:center;\"><style>.fusion-body .fusion-button.button-1{border-radius:2px 2px 2px 2px;}<\/style><button type=\"submit\" class=\"fusion-button button-flat fusion-button-default-size button-default button-1 fusion-button-default-span  form-form-submit button-default\" data-form-number=\"20066\" tabindex=\"\"><span class=\"fusion-button-text\">Teklif Al !<\/span><\/button><\/div><\/div><div class=\"form-submission-notices\" id=\"fusion-notices-1\"><div class=\"fusion-alert alert success alert-success fusion-alert-center fusion-form-response fusion-form-response-success fusion-alert-capitalize alert-dismissable\" role=\"alert\" style=\"background-color:var(--awb-color5);color:var(--awb-color1);border-color:var(--awb-color1);border-width:1px;\"><div class=\"fusion-alert-content-wrapper\"><span class=\"alert-icon\"><i class=\"awb-icon-check-circle\" aria-hidden=\"true\"><\/i><\/span><span class=\"fusion-alert-content\">Teklifinizi iletmek \u00fczere t\u00fcm bilgilerinizi ald\u0131k. En k\u0131sa s\u00fcrede size d\u00f6n\u00fc\u015f yapaca\u011f\u0131z.<\/span><\/div><button type=\"button\" class=\"close toggle-alert\" data-dismiss=\"alert\" aria-label=\"Close\">&times;<\/button><\/div><div class=\"fusion-alert alert error alert-danger fusion-alert-center fusion-form-response fusion-form-response-error fusion-alert-capitalize alert-dismissable\" role=\"alert\" style=\"background-color:hsla(calc(var(--awb-color5-h) + 175),calc(var(--awb-color5-s) + 20%),var(--awb-color5-l),var(--awb-color5-a));color:var(--awb-color1);border-color:var(--awb-color1);border-width:1px;\"><div class=\"fusion-alert-content-wrapper\"><span class=\"alert-icon\"><i class=\"awb-icon-exclamation-triangle\" aria-hidden=\"true\"><\/i><\/span><span class=\"fusion-alert-content\">Bilgileriniz g\u00f6nderilirken bir hata olu\u015ftu. L\u00fctfen bizi aray\u0131n.<\/span><\/div><button type=\"button\" class=\"close toggle-alert\" data-dismiss=\"alert\" aria-label=\"Close\">&times;<\/button><\/div><\/div><\/div><style type=\"text\/css\">.fusion-body .fusion-builder-column-3{width:100% !important;margin-top : 0px;margin-bottom : 20px;}.fusion-builder-column-3 > .fusion-column-wrapper {padding-top : 0px !important;padding-right : 0px !important;margin-right : 1.92%;padding-bottom : 0px !important;padding-left : 0px !important;margin-left : 1.92%;}@media only screen and (max-width:1024px) {.fusion-body .fusion-builder-column-3{width:100% !important;order : 0;}.fusion-builder-column-3 > .fusion-column-wrapper {margin-right : 1.92%;margin-left : 1.92%;}}@media only screen and (max-width:850px) {.fusion-body .fusion-builder-column-3{width:100% !important;order : 0;}.fusion-builder-column-3 > .fusion-column-wrapper {margin-right : 1.92%;margin-left : 1.92%;}}<\/style><\/div><\/div><style type=\"text\/css\">.fusion-body .fusion-flex-container.fusion-builder-row-1-1{ padding-top : 0px;margin-top : 0px;padding-right : 0px;padding-bottom : 0px;margin-bottom : 0px;padding-left : 0px;}<\/style><\/div><input type=\"hidden\" name=\"fusion_privacy_store_ip_ua\" value=\"false\"><input type=\"hidden\" name=\"fusion_privacy_expiration_interval\" value=\"48\"><input type=\"hidden\" name=\"privacy_expiration_action\" value=\"anonymize\"><\/form><\/div><\/div><style type=\"text\/css\">.fusion-body .fusion-builder-column-0{width:100% !important;margin-top : 0px;margin-bottom : 20px;}.fusion-builder-column-0 > .fusion-column-wrapper {padding-top : 0px !important;padding-right : 0px !important;margin-right : 1.92%;padding-bottom : 0px !important;padding-left : 0px !important;margin-left : 1.92%;}@media only screen and (max-width:1024px) {.fusion-body .fusion-builder-column-0{width:100% !important;order : 0;}.fusion-builder-column-0 > .fusion-column-wrapper {margin-right : 1.92%;margin-left : 1.92%;}}@media only screen and (max-width:850px) {.fusion-body .fusion-builder-column-0{width:100% !important;order : 0;}.fusion-builder-column-0 > .fusion-column-wrapper {margin-right : 1.92%;margin-left : 1.92%;}}<\/style><\/div><\/div><style type=\"text\/css\">.fusion-body .fusion-flex-container.fusion-builder-row-1{ padding-top : 0px;margin-top : 0px;padding-right : 0px;padding-bottom : 0px;margin-bottom : 0px;padding-left : 0px;}<\/style><\/div>\n","protected":false},"excerpt":{"rendered":"","protected":false},"author":1,"featured_media":0,"parent":0,"menu_order":0,"comment_status":"closed","ping_status":"closed","template":"100-width.php","meta":{"footnotes":""},"class_list":["post-20068","page","type-page","status-publish","hentry"],"_links":{"self":[{"href":"https:\/\/aristoenerji.com\/en\/wp-json\/wp\/v2\/pages\/20068","targetHints":{"allow":["GET"]}}],"collection":[{"href":"https:\/\/aristoenerji.com\/en\/wp-json\/wp\/v2\/pages"}],"about":[{"href":"https:\/\/aristoenerji.com\/en\/wp-json\/wp\/v2\/types\/page"}],"author":[{"embeddable":true,"href":"https:\/\/aristoenerji.com\/en\/wp-json\/wp\/v2\/users\/1"}],"replies":[{"embeddable":true,"href":"https:\/\/aristoenerji.com\/en\/wp-json\/wp\/v2\/comments?post=20068"}],"version-history":[{"count":2,"href":"https:\/\/aristoenerji.com\/en\/wp-json\/wp\/v2\/pages\/20068\/revisions"}],"predecessor-version":[{"id":20070,"href":"https:\/\/aristoenerji.com\/en\/wp-json\/wp\/v2\/pages\/20068\/revisions\/20070"}],"wp:attachment":[{"href":"https:\/\/aristoenerji.com\/en\/wp-json\/wp\/v2\/media?parent=20068"}],"curies":[{"name":"wp","href":"https:\/\/api.w.org\/{rel}","templated":true}]}}